{"id":13,"date":"2024-09-27T08:07:52","date_gmt":"2024-09-27T08:07:52","guid":{"rendered":"https:\/\/semanadamama.gimm.pt\/?page_id=13"},"modified":"2024-09-30T09:01:54","modified_gmt":"2024-09-30T09:01:54","slug":"cancro-da-mama","status":"publish","type":"page","link":"https:\/\/semanadamama.gimm.pt\/en\/cancro-da-mama\/","title":{"rendered":"Cancro da mama"},"content":{"rendered":"\n<p class=\"has-white-color has-text-color has-link-color wp-elements-7e4ac651328708ea719ac0894fa30934\">.<\/p>\n\n\n\n<h2 class=\"wp-block-heading\">O que \u00e9 o cancro da mama?<\/h2>\n\n\n\n<p>O cancro da mama inicia quando uma c\u00e9lula da gl\u00e2ndula mam\u00e1ria deixara de obedecer a certas \u201cregras de comportamento\u201d, nomeadamente no que respeita ao seu crescimento saud\u00e1vel e come\u00e7a a dividir-se e a crescer de forma anormal, gerando outras c\u00e9lulas com altera\u00e7\u00f5es moleculares que vir\u00e3o a constituir um cancro.<\/p>\n\n\n\n<p>H\u00e1 v\u00e1rios tipos de cancro da mama, pode ser descoberto em diferentes fases do seu desenvolvimento e pode crescer a diferentes ritmos. Isto significa que cada caso ter\u00e1 um tratamento que ser\u00e1 o mais adequado para cada um, ou seja, as pessoas podem ser tratadas de formas diferentes.<\/p>\n\n\n\n<p class=\"has-white-color has-text-color has-link-color wp-elements-7e4ac651328708ea719ac0894fa30934\">.<\/p>\n\n\n<div id=\"\" class=\"my-5 wp-block-gimm-accordion\">\n\n\t<div class=\"accordion\" id=\"accordion\">\n\t\t\t\t\t\t<div class=\"accordion-item\">\n\t\t\t\t\t<h2 class=\"accordion-header\" id=\"header-que-tipos-de-cancro-da-mama-ha\">\n\t\t\t\t\t\t<button class=\"accordion-button collapsed\" type=\"button\" data-bs-toggle=\"collapse\"\n\t\t\t\t\t\t\tdata-bs-target=\"#que-tipos-de-cancro-da-mama-ha\"\n\t\t\t\t\t\t\taria-expanded=\"false\" aria-controls=\"que-tipos-de-cancro-da-mama-ha\">\n\t\t\t\t\t\t\t<h3>Que tipos de cancro da mama h\u00e1?<\/h3>\n\t\t\t\t\t\t<\/button>\n\t\t\t\t\t<\/h2>\n\t\t\t\t\t<div id=\"que-tipos-de-cancro-da-mama-ha\" class=\"accordion-collapse collapse\"\n\t\t\t\t\t\tdata-bs-parent=\"#accordion\">\n\t\t\t\t\t\t<div class=\"accordion-body\">\n\t\t\t\t\t\t\t<p>&nbsp;<\/p>\n<div class=\"container-907\">\n<div class=\"content container\">\n<ul>\n<li><strong>Cancro da mama ductal invasivo<\/strong>:<\/li>\n<\/ul>\n<p>A maior parte das pessoas com cancro da mama t\u00eam um carcinoma ductal invasivo ou tamb\u00e9m denominado \u201csem tipo espec\u00edfico\u201d. Isto significa que as c\u00e9lulas cancer\u00edgenas se iniciaram nos ductos do leite, da mama, e desenvolveram a capacidade para se espalharem para o tecido circundante. O carcinoma lobular invasivo, normalmente, n\u00e3o \u00e9 mais grave do que outros tipos de cancro, embora possa ser, por vezes, encontrado em ambas as mamas ao mesmo tempo.<\/p>\n<ul>\n<li><strong>Cancro da mama lobular invasivo:<\/strong><\/li>\n<\/ul>\n<p>O carcinoma da mama lobular invasivo \u00e9 menos frequente, mas afeta ainda um n\u00famero significativo de mulheres. Acontece quando as c\u00e9lulas cancer\u00edgenas que se formam nos l\u00f3bulos no fim dos ductos mam\u00e1rios se come\u00e7am a espalhar para al\u00e9m dos l\u00f3bulos para o tecido vizinho.<\/p>\n<ul>\n<li><strong>Doen\u00e7a de paget do mamilo:<\/strong><\/li>\n<\/ul>\n<p>A doen\u00e7a da mama, de Paget, \u00e9 uma situa\u00e7\u00e3o rara, frequentemente detetada por altera\u00e7\u00f5es no mamilo como uma erup\u00e7\u00e3o vermelha que pode dar comich\u00e3o ou ser dolorosa. O mamilo tamb\u00e9m se pode inverter. Cerca de metade das mulheres com a doen\u00e7a de Paget tamb\u00e9m t\u00eam um n\u00f3dulo debaixo do mamilo. As pessoas com este tipo de doen\u00e7a t\u00eam normalmente um cancro da mama invasivo ou cancro da mama pr\u00e9-invasivo ou\u00a0<em>\u201cin situ\u201d<\/em>.<\/p>\n<ul>\n<li><strong>Cancro inflamat\u00f3rio da mama:<\/strong><\/li>\n<\/ul>\n<p>O cancro inflamat\u00f3rio da mama \u00e9 assim denominado porque a pele da mama tem um aspeto avermelhado e pode apresentar-se quente e \u201cmole\u201d ao toque. Por vezes a pele aparece como a superf\u00edcie da casca de uma laranja. O aspeto avermelhado deve-se ao facto das c\u00e9lulas cancer\u00edgenas estarem a bloquear uns pequenos canais no tecido mam\u00e1rio denominados por canais linf\u00e1ticos. O cancro inflamat\u00f3rio da mama \u00e9 muito raro. \u00c9 importante tamb\u00e9m recordar que os sintomas descritos do cancro inflamat\u00f3rio da mama s\u00e3o tamb\u00e9m sintomas frequentes de uma infe\u00e7\u00e3o mam\u00e1ria.<\/p>\n<ul>\n<li><strong>Cancro da mama medular:<\/strong><\/li>\n<\/ul>\n<p>O cancro da mama medular \u00e9 um tipo raro de cancro da mama que surge apenas em 5% do total de casos de cancro da mama. \u00c9 um cancro invasivo pelo que tem a capacidade de se espalhar ao tecido vizinho e\/ou a outras partes do corpo.<\/p>\n<ul>\n<li><strong>Cancro da mama mucinoso:<\/strong><\/li>\n<\/ul>\n<p>O cancro da mama mucinoso (tamb\u00e9m denominado col\u00f3ide), tem este nome porque, quando observado ao microsc\u00f3pio, parece que as c\u00e9lulas cancer\u00edgenas assentam em muco. Este tipo de cancro da mama representa menos de 2% do total de casos. \u00c9 frequente verificar que o cancro da mama mucinoso aparece junto a outro tipo de cancro da mama como por exemplo o cancro da mama ductal invasivo.<\/p>\n<ul>\n<li><strong>CDIS \u2013 Carcinoma ductal \u201c<em>in situ<\/em>\u201d:<\/strong><\/li>\n<\/ul>\n<p>Isto significa que as c\u00e9lulas cancer\u00edgenas est\u00e3o localizadas dentro dos canais do leite mam\u00e1rio e ainda n\u00e3o adquiriram a capacidade para se espalharem para outros tecidos ou partes do corpo. ). \u00c9 muitas vezes descrita como pr\u00e9-cancer\u00edgena, intraductal ou cancro n\u00e3o invasivo. H\u00e1 v\u00e1rios graus de CDIS (em Ingl\u00eas \u00e9 DCIS).<\/p>\n<p>A maioria dos cancros da mama descritos anteriormente expressam recetores hormonais (para o estrog\u00e9nio e progesterona) ou o recetor Her2 (para um fator de crescimento epitelial, o Epidermal growth factor).<\/p>\n<ul>\n<li><strong>Cancro da mama triplo negativo:<\/strong><\/li>\n<\/ul>\n<p>Este tipo de cancro n\u00e3o expressa o recetor para o estrog\u00e9nio, o recetor para a progesterona e \u00e9 negativo para o recetor HER2.<\/p>\n<\/div>\n<\/div>\n\t\t\t\t\t\t<\/div>\n\t\t\t\t\t<\/div>\n\t\t\t\t<\/div>\n\t\t\t\t<\/div>\n\n<\/div>","protected":false},"excerpt":{"rendered":"<p>. O que \u00e9 o cancro da mama? O cancro da mama inicia quando uma c\u00e9lula da gl\u00e2ndula mam\u00e1ria deixara de obedecer a certas \u201cregras [&hellip;]<\/p>\n","protected":false},"author":1002,"featured_media":33,"parent":0,"menu_order":0,"comment_status":"closed","ping_status":"closed","template":"","meta":{"_acf_changed":false,"footnotes":""},"acf":[],"_links":{"self":[{"href":"https:\/\/semanadamama.gimm.pt\/en\/wp-json\/wp\/v2\/pages\/13"}],"collection":[{"href":"https:\/\/semanadamama.gimm.pt\/en\/wp-json\/wp\/v2\/pages"}],"about":[{"href":"https:\/\/semanadamama.gimm.pt\/en\/wp-json\/wp\/v2\/types\/page"}],"author":[{"embeddable":true,"href":"https:\/\/semanadamama.gimm.pt\/en\/wp-json\/wp\/v2\/users\/1002"}],"replies":[{"embeddable":true,"href":"https:\/\/semanadamama.gimm.pt\/en\/wp-json\/wp\/v2\/comments?post=13"}],"version-history":[{"count":8,"href":"https:\/\/semanadamama.gimm.pt\/en\/wp-json\/wp\/v2\/pages\/13\/revisions"}],"predecessor-version":[{"id":135,"href":"https:\/\/semanadamama.gimm.pt\/en\/wp-json\/wp\/v2\/pages\/13\/revisions\/135"}],"wp:featuredmedia":[{"embeddable":true,"href":"https:\/\/semanadamama.gimm.pt\/en\/wp-json\/wp\/v2\/media\/33"}],"wp:attachment":[{"href":"https:\/\/semanadamama.gimm.pt\/en\/wp-json\/wp\/v2\/media?parent=13"}],"curies":[{"name":"wp","href":"https:\/\/api.w.org\/{rel}","templated":true}]}}