{"id":15,"date":"2024-09-27T08:08:29","date_gmt":"2024-09-27T08:08:29","guid":{"rendered":"https:\/\/semanadamama.gimm.pt\/?page_id=15"},"modified":"2025-09-24T21:11:23","modified_gmt":"2025-09-24T21:11:23","slug":"biobanco","status":"publish","type":"page","link":"https:\/\/semanadamama.gimm.pt\/en\/biobanco\/","title":{"rendered":"Biobanco"},"content":{"rendered":"\n<p class=\"has-white-color has-text-color has-link-color wp-elements-7e4ac651328708ea719ac0894fa30934\">.<\/p>\n\n\n<blockquote class=\"gimm_title gimm-quote\">\n    Os Biobancos s\u00e3o instrumentos estrat\u00e9gicos para o desenvolvimento de projetos de investiga\u00e7\u00e3o em Biomedicina.<\/blockquote>\n\n<style>\n\tblockquote.gimm-quote::after {\n\t\tbackground-color: #9933FF!important;\n\t}\n<\/style>\n\n\n\n\n<p class=\"has-white-color has-text-color has-link-color wp-elements-7e4ac651328708ea719ac0894fa30934\">.<\/p>\n\n\n\n<p>O\u00a0<strong><a href=\"https:\/\/care.gimm.pt\/lab\/biobank\/\" target=\"_blank\" rel=\"noreferrer noopener\">Biobanco<\/a><\/strong>\u00a0congrega amostras biol\u00f3gicas humanas que s\u00e3o doadas voluntariamente, mediante consentimento informado do doente, com autoriza\u00e7\u00e3o para preserva\u00e7\u00e3o e uso futuro em investiga\u00e7\u00e3o biom\u00e9dica.<\/p>\n\n\n\n<p>S\u00e3o recolhidas amostras de v\u00e1rias doen\u00e7as humanas (provenientes de bi\u00f3psias, cirurgias, colheitas de sangue, etc), mas tamb\u00e9m s\u00e3o muito necess\u00e1rias amostras de pessoas sem doen\u00e7a (saud\u00e1veis).<\/p>\n\n\n\n<p><strong>Qualquer linha de investiga\u00e7\u00e3o cient\u00edfica que recorra a amostras de doentes, precisa sempre de amostras de pessoas saud\u00e1veis para grupos de controlo.<\/strong><\/p>\n\n\n\n<p>O Biobanco enquadra-se no\u00a0<a href=\"https:\/\/caml.pt\/en\/\" target=\"_blank\" rel=\"noreferrer noopener\">Centro Acad\u00e9mico de Medicina de Lisboa (CAML)<\/a>, que congrega no mesmo campus um Instituto de investiga\u00e7\u00e3o\u00a0<a href=\"https:\/\/gimm.pt\/pt-pt\/\" target=\"_blank\" rel=\"noreferrer noopener\">(Funda\u00e7\u00e3o GIMM &#8211; Gulbenkian Institute for Molecular Medicine)<\/a>, uma escola m\u00e9dica\u00a0<a href=\"https:\/\/www.medicina.ulisboa.pt\/\" target=\"_blank\" rel=\"noreferrer noopener\">(FMUL &#8211; Faculdade de Medicina da Universidade de Lisboa)<\/a>\u00a0e um hospital universit\u00e1rio\u00a0<a href=\"https:\/\/www.ulssm.min-saude.pt\/\" target=\"_blank\" rel=\"noreferrer noopener\">(Unidade Local de Sa\u00fade Santa Maria)<\/a>.<\/p>\n\n\n\n<p class=\"has-white-color has-text-color has-link-color wp-elements-7e4ac651328708ea719ac0894fa30934\">.<\/p>\n\n\n\n<hr class=\"wp-block-separator has-alpha-channel-opacity\"\/>\n\n\n\n<p class=\"has-white-color has-text-color has-link-color wp-elements-7e4ac651328708ea719ac0894fa30934\">.<\/p>\n\n\n\n<h4 class=\"wp-block-heading\"><strong>Gostaria de doar uma amostra para o Biobanco GIMM?<\/strong><\/h4>\n\n\n\n<p class=\"has-white-color has-text-color has-link-color wp-elements-7e4ac651328708ea719ac0894fa30934\">.<\/p>\n\n\n\n<p>A doa\u00e7\u00e3o de amostras de sangue \u00e9 essencial para o sucesso do Biobanco GIMM, que conta com a colabora\u00e7\u00e3o de todos.<\/p>\n\n\n\n<p>Para doar uma amostra de sangue, dever\u00e1 contactar-nos atrav\u00e9s do email\u00a0<a href=\"mailto:biobank@gimm.pt\">biobank@gimm.pt<\/a>.<\/p>\n\n\n\n<p class=\"has-white-color has-text-color has-link-color wp-elements-7e4ac651328708ea719ac0894fa30934\">.<\/p>\n","protected":false},"excerpt":{"rendered":"<p>. . O\u00a0Biobanco\u00a0congrega amostras biol\u00f3gicas humanas que s\u00e3o doadas voluntariamente, mediante consentimento informado do doente, com autoriza\u00e7\u00e3o para preserva\u00e7\u00e3o e uso futuro em investiga\u00e7\u00e3o biom\u00e9dica. [&hellip;]<\/p>\n","protected":false},"author":1002,"featured_media":33,"parent":0,"menu_order":0,"comment_status":"closed","ping_status":"closed","template":"","meta":{"_acf_changed":false,"footnotes":""},"acf":[],"_links":{"self":[{"href":"https:\/\/semanadamama.gimm.pt\/en\/wp-json\/wp\/v2\/pages\/15"}],"collection":[{"href":"https:\/\/semanadamama.gimm.pt\/en\/wp-json\/wp\/v2\/pages"}],"about":[{"href":"https:\/\/semanadamama.gimm.pt\/en\/wp-json\/wp\/v2\/types\/page"}],"author":[{"embeddable":true,"href":"https:\/\/semanadamama.gimm.pt\/en\/wp-json\/wp\/v2\/users\/1002"}],"replies":[{"embeddable":true,"href":"https:\/\/semanadamama.gimm.pt\/en\/wp-json\/wp\/v2\/comments?post=15"}],"version-history":[{"count":6,"href":"https:\/\/semanadamama.gimm.pt\/en\/wp-json\/wp\/v2\/pages\/15\/revisions"}],"predecessor-version":[{"id":354,"href":"https:\/\/semanadamama.gimm.pt\/en\/wp-json\/wp\/v2\/pages\/15\/revisions\/354"}],"wp:featuredmedia":[{"embeddable":true,"href":"https:\/\/semanadamama.gimm.pt\/en\/wp-json\/wp\/v2\/media\/33"}],"wp:attachment":[{"href":"https:\/\/semanadamama.gimm.pt\/en\/wp-json\/wp\/v2\/media?parent=15"}],"curies":[{"name":"wp","href":"https:\/\/api.w.org\/{rel}","templated":true}]}}