{"id":407,"date":"2025-10-02T16:42:41","date_gmt":"2025-10-02T16:42:41","guid":{"rendered":"https:\/\/semanadamama.gimm.pt\/?page_id=407"},"modified":"2025-10-02T16:43:15","modified_gmt":"2025-10-02T16:43:15","slug":"apadrinhamento","status":"publish","type":"page","link":"https:\/\/semanadamama.gimm.pt\/en\/apadrinhamento\/","title":{"rendered":"Apadrinhamento"},"content":{"rendered":"\n<div style=\"height:50px\" aria-hidden=\"true\" class=\"wp-block-spacer\"><\/div>\n\n\n\n<p>O cancro da mama, em particular, continua a ser um dos maiores desafios de sa\u00fade global, afetando milh\u00f5es de pessoas todos os anos. Apoiar projetos de investiga\u00e7\u00e3o nesta \u00e1rea significa investir em diagn\u00f3sticos mais precoces, tratamentos mais eficazes e, sobretudo, em esperan\u00e7a para quem enfrenta a doen\u00e7a.<\/p>\n\n\n\n<p>Cada donativo permite ajudar os nossos cientistas a explorar novas fronteiras na investiga\u00e7\u00e3o biom\u00e9dica, a transformar descobertas em solu\u00e7\u00f5es concretas e a formar a pr\u00f3xima gera\u00e7\u00e3o de investigadores. Cada contributo \u00e9 um passo em dire\u00e7\u00e3o a um futuro mais saud\u00e1vel, informado e solid\u00e1rio. <\/p>\n\n\n\n<p>Pode fazer o seu donativo para a investiga\u00e7\u00e3o em cancro da mama <a href=\"https:\/\/pinpay.pt\/9Fz2xyrHIh\" target=\"_blank\" rel=\"noreferrer noopener\">aqui<\/a>.<\/p>\n","protected":false},"excerpt":{"rendered":"<p>O cancro da mama, em particular, continua a ser um dos maiores desafios de sa\u00fade global, afetando milh\u00f5es de pessoas todos os anos. Apoiar projetos [&hellip;]<\/p>\n","protected":false},"author":1012,"featured_media":0,"parent":0,"menu_order":0,"comment_status":"closed","ping_status":"closed","template":"","meta":{"_acf_changed":false,"footnotes":""},"acf":[],"_links":{"self":[{"href":"https:\/\/semanadamama.gimm.pt\/en\/wp-json\/wp\/v2\/pages\/407"}],"collection":[{"href":"https:\/\/semanadamama.gimm.pt\/en\/wp-json\/wp\/v2\/pages"}],"about":[{"href":"https:\/\/semanadamama.gimm.pt\/en\/wp-json\/wp\/v2\/types\/page"}],"author":[{"embeddable":true,"href":"https:\/\/semanadamama.gimm.pt\/en\/wp-json\/wp\/v2\/users\/1012"}],"replies":[{"embeddable":true,"href":"https:\/\/semanadamama.gimm.pt\/en\/wp-json\/wp\/v2\/comments?post=407"}],"version-history":[{"count":2,"href":"https:\/\/semanadamama.gimm.pt\/en\/wp-json\/wp\/v2\/pages\/407\/revisions"}],"predecessor-version":[{"id":409,"href":"https:\/\/semanadamama.gimm.pt\/en\/wp-json\/wp\/v2\/pages\/407\/revisions\/409"}],"wp:attachment":[{"href":"https:\/\/semanadamama.gimm.pt\/en\/wp-json\/wp\/v2\/media?parent=407"}],"curies":[{"name":"wp","href":"https:\/\/api.w.org\/{rel}","templated":true}]}}